{"id":919,"date":"2023-05-25T19:54:33","date_gmt":"2023-05-25T17:54:33","guid":{"rendered":"https:\/\/salusandscamping.se\/?page_id=919"},"modified":"2023-06-14T15:32:51","modified_gmt":"2023-06-14T13:32:51","slug":"havsbadet","status":"publish","type":"page","link":"https:\/\/salusandscamping.se\/en\/havsbadet\/","title":{"rendered":"The sea bath"},"content":{"rendered":"<div data-elementor-type=\"wp-page\" data-elementor-id=\"919\" class=\"elementor elementor-919\" data-elementor-post-type=\"page\">\n\t\t\t\t<div class=\"elementor-element elementor-element-983d348 e-con-full e-flex e-con e-parent\" data-id=\"983d348\" data-element_type=\"container\" data-e-type=\"container\" data-settings=\"{&quot;background_background&quot;:&quot;classic&quot;}\">\n\t\t<div class=\"elementor-element elementor-element-5ad6197 e-con-full e-flex e-con e-parent\" data-id=\"5ad6197\" data-element_type=\"container\" data-e-type=\"container\" data-settings=\"{&quot;background_background&quot;:&quot;classic&quot;}\">\n\t\t\t\t<\/div>\n\t\t\t\t<\/div>\n\t\t<div class=\"elementor-element elementor-element-e456b51 e-flex e-con-boxed e-con e-parent\" data-id=\"e456b51\" data-element_type=\"container\" data-e-type=\"container\">\n\t\t\t\t\t<div class=\"e-con-inner\">\n\t\t<div class=\"elementor-element elementor-element-666f016 e-flex e-con-boxed e-con e-parent\" data-id=\"666f016\" data-element_type=\"container\" data-e-type=\"container\">\n\t\t\t\t\t<div class=\"e-con-inner\">\n\t\t\t\t<div class=\"elementor-element elementor-element-39489f7 elementor-widget-mobile__width-auto elementor-widget elementor-widget-heading\" data-id=\"39489f7\" data-element_type=\"widget\" data-e-type=\"widget\" data-widget_type=\"heading.default\">\n\t\t\t\t<div class=\"elementor-widget-container\">\n\t\t\t\t\t<h2 class=\"elementor-heading-title elementor-size-default\">A day at the beach<\/h2>\t\t\t\t<\/div>\n\t\t\t\t<\/div>\n\t\t\t\t\t<\/div>\n\t\t\t\t<\/div>\n\t\t\t\t\t<\/div>\n\t\t\t\t<\/div>\n\t\t<div class=\"elementor-element elementor-element-2be8a93 e-flex e-con-boxed e-con e-parent\" data-id=\"2be8a93\" data-element_type=\"container\" data-e-type=\"container\" data-settings=\"{&quot;background_background&quot;:&quot;classic&quot;}\">\n\t\t\t\t\t<div class=\"e-con-inner\">\n\t\t<div class=\"elementor-element elementor-element-c3f0e0c e-con-full e-flex e-con e-parent\" data-id=\"c3f0e0c\" data-element_type=\"container\" data-e-type=\"container\" data-settings=\"{&quot;background_background&quot;:&quot;classic&quot;}\">\n\t\t\t\t<div class=\"elementor-element elementor-element-53dae57 elementor-widget-mobile__width-inherit elementor-widget elementor-widget-text-editor\" data-id=\"53dae57\" data-element_type=\"widget\" data-e-type=\"widget\" data-widget_type=\"text-editor.default\">\n\t\t\t\t<div class=\"elementor-widget-container\">\n\t\t\t\t\t\t\t\t\t<div dir=\"auto\">The beach is more then half a mile long (almost a kilometer) and the soft sand and dunes invites you to sun-bathing and playing in the water.<\/div><div dir=\"auto\"><br>Leashed dogs are welcome on the southern part of the beach just below the campsites.<\/div>\t\t\t\t\t\t\t\t<\/div>\n\t\t\t\t<\/div>\n\t\t\t\t<\/div>\n\t\t<div class=\"elementor-element elementor-element-5d0b7d9 e-con-full e-flex e-con e-parent\" data-id=\"5d0b7d9\" data-element_type=\"container\" data-e-type=\"container\" data-settings=\"{&quot;background_background&quot;:&quot;classic&quot;}\">\n\t\t\t\t<div class=\"elementor-element elementor-element-040b673 elementor-widget elementor-widget-gallery\" data-id=\"040b673\" data-element_type=\"widget\" data-e-type=\"widget\" data-settings=\"{&quot;columns&quot;:2,&quot;lazyload&quot;:&quot;yes&quot;,&quot;gallery_layout&quot;:&quot;grid&quot;,&quot;columns_tablet&quot;:2,&quot;columns_mobile&quot;:1,&quot;gap&quot;:{&quot;unit&quot;:&quot;px&quot;,&quot;size&quot;:10,&quot;sizes&quot;:[]},&quot;gap_tablet&quot;:{&quot;unit&quot;:&quot;px&quot;,&quot;size&quot;:10,&quot;sizes&quot;:[]},&quot;gap_mobile&quot;:{&quot;unit&quot;:&quot;px&quot;,&quot;size&quot;:10,&quot;sizes&quot;:[]},&quot;link_to&quot;:&quot;file&quot;,&quot;aspect_ratio&quot;:&quot;3:2&quot;,&quot;overlay_background&quot;:&quot;yes&quot;,&quot;content_hover_animation&quot;:&quot;fade-in&quot;}\" data-widget_type=\"gallery.default\">\n\t\t\t\t<div class=\"elementor-widget-container\">\n\t\t\t\t\t\t\t<div class=\"elementor-gallery__container\">\n\t\t\t\t\t\t\t<a class=\"e-gallery-item elementor-gallery-item elementor-animated-content\" href=\"https:\/\/salusandscamping.se\/wp-content\/uploads\/2023\/06\/stranden.webp\" data-elementor-open-lightbox=\"yes\" data-elementor-lightbox-slideshow=\"040b673\" data-elementor-lightbox-title=\"stranden\" data-e-action-hash=\"#elementor-action%3Aaction%3Dlightbox%26settings%3DeyJpZCI6MTEzMywidXJsIjoiaHR0cHM6XC9cL3NhbHVzYW5kc2NhbXBpbmcuc2VcL3dwLWNvbnRlbnRcL3VwbG9hZHNcLzIwMjNcLzA2XC9zdHJhbmRlbi53ZWJwIiwic2xpZGVzaG93IjoiMDQwYjY3MyJ9\">\n\t\t\t\t\t<div class=\"e-gallery-image elementor-gallery-item__image\" data-thumbnail=\"https:\/\/salusandscamping.se\/wp-content\/uploads\/2023\/06\/stranden.webp\" data-width=\"2000\" data-height=\"1333\" aria-label=\"\" role=\"img\" ><\/div>\n\t\t\t\t\t\t\t\t\t\t\t<div class=\"elementor-gallery-item__overlay\"><\/div>\n\t\t\t\t\t\t\t\t\t\t\t\t\t\t<\/a>\n\t\t\t\t\t\t\t<a class=\"e-gallery-item elementor-gallery-item elementor-animated-content\" href=\"https:\/\/salusandscamping.se\/wp-content\/uploads\/2023\/06\/IMG_1718s.jpg\" data-elementor-open-lightbox=\"yes\" data-elementor-lightbox-slideshow=\"040b673\" data-elementor-lightbox-title=\"IMG_1718s\" data-e-action-hash=\"#elementor-action%3Aaction%3Dlightbox%26settings%3DeyJpZCI6MTEyOSwidXJsIjoiaHR0cHM6XC9cL3NhbHVzYW5kc2NhbXBpbmcuc2VcL3dwLWNvbnRlbnRcL3VwbG9hZHNcLzIwMjNcLzA2XC9JTUdfMTcxOHMuanBnIiwic2xpZGVzaG93IjoiMDQwYjY3MyJ9\">\n\t\t\t\t\t<div class=\"e-gallery-image elementor-gallery-item__image\" data-thumbnail=\"https:\/\/salusandscamping.se\/wp-content\/uploads\/2023\/06\/IMG_1718s.jpg\" data-width=\"2000\" data-height=\"1333\" aria-label=\"\" role=\"img\" ><\/div>\n\t\t\t\t\t\t\t\t\t\t\t<div class=\"elementor-gallery-item__overlay\"><\/div>\n\t\t\t\t\t\t\t\t\t\t\t\t\t\t<\/a>\n\t\t\t\t\t<\/div>\n\t\t\t\t\t<\/div>\n\t\t\t\t<\/div>\n\t\t\t\t<\/div>\n\t\t\t\t\t<\/div>\n\t\t\t\t<\/div>\n\t\t\t\t<\/div>","protected":false},"excerpt":{"rendered":"<p>En dag p\u00e5 stranden Den n\u00e4stan km-l\u00e5nga stranden med sin sammetsmjuka sand inbjuder till solning och bad.Kopplade hundar \u00e4r v\u00e4lkomna p\u00e5 strandens s\u00f6dra del precis nedanf\u00f6r campingplatserna.<\/p>","protected":false},"author":1,"featured_media":0,"parent":0,"menu_order":0,"comment_status":"closed","ping_status":"closed","template":"elementor_header_footer","meta":{"footnotes":""},"class_list":["post-919","page","type-page","status-publish","hentry"],"_links":{"self":[{"href":"https:\/\/salusandscamping.se\/en\/wp-json\/wp\/v2\/pages\/919","targetHints":{"allow":["GET"]}}],"collection":[{"href":"https:\/\/salusandscamping.se\/en\/wp-json\/wp\/v2\/pages"}],"about":[{"href":"https:\/\/salusandscamping.se\/en\/wp-json\/wp\/v2\/types\/page"}],"author":[{"embeddable":true,"href":"https:\/\/salusandscamping.se\/en\/wp-json\/wp\/v2\/users\/1"}],"replies":[{"embeddable":true,"href":"https:\/\/salusandscamping.se\/en\/wp-json\/wp\/v2\/comments?post=919"}],"version-history":[{"count":25,"href":"https:\/\/salusandscamping.se\/en\/wp-json\/wp\/v2\/pages\/919\/revisions"}],"predecessor-version":[{"id":1140,"href":"https:\/\/salusandscamping.se\/en\/wp-json\/wp\/v2\/pages\/919\/revisions\/1140"}],"wp:attachment":[{"href":"https:\/\/salusandscamping.se\/en\/wp-json\/wp\/v2\/media?parent=919"}],"curies":[{"name":"wp","href":"https:\/\/api.w.org\/{rel}","templated":true}]}}