{"id":820,"date":"2023-05-17T07:36:42","date_gmt":"2023-05-17T07:36:42","guid":{"rendered":"https:\/\/salusand.cilla.enson.se\/?page_id=20"},"modified":"2023-06-14T16:16:32","modified_gmt":"2023-06-14T14:16:32","slug":"aktiviteter","status":"publish","type":"page","link":"https:\/\/salusandscamping.se\/en\/aktiviteter\/","title":{"rendered":"Activities"},"content":{"rendered":"<div data-elementor-type=\"wp-page\" data-elementor-id=\"820\" class=\"elementor elementor-820\" data-elementor-post-type=\"page\">\n\t\t\t\t<div class=\"elementor-element elementor-element-fd465f3 e-con-full e-flex e-con e-parent\" data-id=\"fd465f3\" data-element_type=\"container\" data-e-type=\"container\" data-settings=\"{&quot;background_background&quot;:&quot;classic&quot;}\">\n\t\t<div class=\"elementor-element elementor-element-98f8f5d e-con-full e-flex e-con e-parent\" data-id=\"98f8f5d\" data-element_type=\"container\" data-e-type=\"container\" data-settings=\"{&quot;background_background&quot;:&quot;classic&quot;}\">\n\t\t\t\t<\/div>\n\t\t\t\t<\/div>\n\t\t<div class=\"elementor-element elementor-element-35bc3c0 e-flex e-con-boxed e-con e-parent\" data-id=\"35bc3c0\" data-element_type=\"container\" data-e-type=\"container\">\n\t\t\t\t\t<div class=\"e-con-inner\">\n\t\t<div class=\"elementor-element elementor-element-cc34c23 e-flex e-con-boxed e-con e-parent\" data-id=\"cc34c23\" data-element_type=\"container\" data-e-type=\"container\">\n\t\t\t\t\t<div class=\"e-con-inner\">\n\t\t\t\t<div class=\"elementor-element elementor-element-b2d4709 elementor-widget-mobile__width-auto elementor-widget elementor-widget-heading\" data-id=\"b2d4709\" data-element_type=\"widget\" data-e-type=\"widget\" data-widget_type=\"heading.default\">\n\t\t\t\t<div class=\"elementor-widget-container\">\n\t\t\t\t\t<h2 class=\"elementor-heading-title elementor-size-default\">The pearl of the Norrland coast - a campsite for all ages<\/h2>\t\t\t\t<\/div>\n\t\t\t\t<\/div>\n\t\t\t\t\t<\/div>\n\t\t\t\t<\/div>\n\t\t\t\t\t<\/div>\n\t\t\t\t<\/div>\n\t\t<div class=\"elementor-element elementor-element-3a28cdf e-flex e-con-boxed e-con e-parent\" data-id=\"3a28cdf\" data-element_type=\"container\" data-e-type=\"container\" data-settings=\"{&quot;background_background&quot;:&quot;classic&quot;}\">\n\t\t\t\t\t<div class=\"e-con-inner\">\n\t\t<div class=\"elementor-element elementor-element-663d1e5 e-con-full e-flex e-con e-parent\" data-id=\"663d1e5\" data-element_type=\"container\" data-e-type=\"container\" data-settings=\"{&quot;background_background&quot;:&quot;classic&quot;}\">\n\t\t\t\t<div class=\"elementor-element elementor-element-63771a7 elementor-widget-mobile__width-inherit elementor-widget elementor-widget-text-editor\" data-id=\"63771a7\" data-element_type=\"widget\" data-e-type=\"widget\" data-widget_type=\"text-editor.default\">\n\t\t\t\t<div class=\"elementor-widget-container\">\n\t\t\t\t\t\t\t\t\t<h2 dir=\"auto\"><b>Experience the high coast through mini golf!<\/b><\/h2><div dir=\"auto\"><b>\u00a0<\/b><\/div><div dir=\"auto\">Our new adventure mini golf courses have taken their inspiration from the High Coast and \u00d6rnsk\u00f6ldsvik. Welcome to cross the H\u00f6gaKustenbron, pass Ting1 and Paradiskullen, play through Sl\u00e5ttdalsskrevan, past Ulv\u00f6n and much more.<\/div>\t\t\t\t\t\t\t\t<\/div>\n\t\t\t\t<\/div>\n\t\t\t\t<\/div>\n\t\t<div class=\"elementor-element elementor-element-3c6ece7 e-con-full e-flex e-con e-parent\" data-id=\"3c6ece7\" data-element_type=\"container\" data-e-type=\"container\" data-settings=\"{&quot;background_background&quot;:&quot;classic&quot;}\">\n\t\t\t\t<div class=\"elementor-element elementor-element-1572520 elementor-widget elementor-widget-gallery\" data-id=\"1572520\" data-element_type=\"widget\" data-e-type=\"widget\" data-settings=\"{&quot;columns&quot;:2,&quot;lazyload&quot;:&quot;yes&quot;,&quot;gallery_layout&quot;:&quot;grid&quot;,&quot;columns_tablet&quot;:2,&quot;columns_mobile&quot;:1,&quot;gap&quot;:{&quot;unit&quot;:&quot;px&quot;,&quot;size&quot;:10,&quot;sizes&quot;:[]},&quot;gap_tablet&quot;:{&quot;unit&quot;:&quot;px&quot;,&quot;size&quot;:10,&quot;sizes&quot;:[]},&quot;gap_mobile&quot;:{&quot;unit&quot;:&quot;px&quot;,&quot;size&quot;:10,&quot;sizes&quot;:[]},&quot;link_to&quot;:&quot;file&quot;,&quot;aspect_ratio&quot;:&quot;3:2&quot;,&quot;overlay_background&quot;:&quot;yes&quot;,&quot;content_hover_animation&quot;:&quot;fade-in&quot;}\" data-widget_type=\"gallery.default\">\n\t\t\t\t<div class=\"elementor-widget-container\">\n\t\t\t\t\t\t\t<div class=\"elementor-gallery__container\">\n\t\t\t\t\t\t\t<a class=\"e-gallery-item elementor-gallery-item elementor-animated-content\" href=\"https:\/\/salusandscamping.se\/wp-content\/uploads\/2023\/05\/DSC00127.jpg\" data-elementor-open-lightbox=\"yes\" data-elementor-lightbox-slideshow=\"1572520\" data-elementor-lightbox-title=\"DSC00127\" data-e-action-hash=\"#elementor-action%3Aaction%3Dlightbox%26settings%3DeyJpZCI6NzQ1LCJ1cmwiOiJodHRwczpcL1wvc2FsdXNhbmRzY2FtcGluZy5zZVwvd3AtY29udGVudFwvdXBsb2Fkc1wvMjAyM1wvMDVcL0RTQzAwMTI3LmpwZyIsInNsaWRlc2hvdyI6IjE1NzI1MjAifQ%3D%3D\">\n\t\t\t\t\t<div class=\"e-gallery-image elementor-gallery-item__image\" data-thumbnail=\"https:\/\/salusandscamping.se\/wp-content\/uploads\/2023\/05\/DSC00127.jpg\" data-width=\"2000\" data-height=\"1333\" aria-label=\"\" role=\"img\" ><\/div>\n\t\t\t\t\t\t\t\t\t\t\t<div class=\"elementor-gallery-item__overlay\"><\/div>\n\t\t\t\t\t\t\t\t\t\t\t\t\t\t<\/a>\n\t\t\t\t\t\t\t<a class=\"e-gallery-item elementor-gallery-item elementor-animated-content\" href=\"https:\/\/salusandscamping.se\/wp-content\/uploads\/2023\/05\/DSC00128.jpg\" data-elementor-open-lightbox=\"yes\" data-elementor-lightbox-slideshow=\"1572520\" data-elementor-lightbox-title=\"Aktiviteter\" data-e-action-hash=\"#elementor-action%3Aaction%3Dlightbox%26settings%3DeyJpZCI6NzUzLCJ1cmwiOiJodHRwczpcL1wvc2FsdXNhbmRzY2FtcGluZy5zZVwvd3AtY29udGVudFwvdXBsb2Fkc1wvMjAyM1wvMDVcL0RTQzAwMTI4LmpwZyIsInNsaWRlc2hvdyI6IjE1NzI1MjAifQ%3D%3D\">\n\t\t\t\t\t<div class=\"e-gallery-image elementor-gallery-item__image\" data-thumbnail=\"https:\/\/salusandscamping.se\/wp-content\/uploads\/2023\/05\/DSC00128.jpg\" data-width=\"2000\" data-height=\"1333\" aria-label=\"\" role=\"img\" ><\/div>\n\t\t\t\t\t\t\t\t\t\t\t<div class=\"elementor-gallery-item__overlay\"><\/div>\n\t\t\t\t\t\t\t\t\t\t\t\t\t\t<\/a>\n\t\t\t\t\t\t\t<a class=\"e-gallery-item elementor-gallery-item elementor-animated-content\" href=\"https:\/\/salusandscamping.se\/wp-content\/uploads\/2023\/05\/DSC00126-scaled-1.jpg\" data-elementor-open-lightbox=\"yes\" data-elementor-lightbox-slideshow=\"1572520\" data-elementor-lightbox-title=\"DSC00126\" data-e-action-hash=\"#elementor-action%3Aaction%3Dlightbox%26settings%3DeyJpZCI6NzI3LCJ1cmwiOiJodHRwczpcL1wvc2FsdXNhbmRzY2FtcGluZy5zZVwvd3AtY29udGVudFwvdXBsb2Fkc1wvMjAyM1wvMDVcL0RTQzAwMTI2LXNjYWxlZC0xLmpwZyIsInNsaWRlc2hvdyI6IjE1NzI1MjAifQ%3D%3D\">\n\t\t\t\t\t<div class=\"e-gallery-image elementor-gallery-item__image\" data-thumbnail=\"https:\/\/salusandscamping.se\/wp-content\/uploads\/2023\/05\/DSC00126-scaled-1.jpg\" data-width=\"1707\" data-height=\"2560\" aria-label=\"\" role=\"img\" ><\/div>\n\t\t\t\t\t\t\t\t\t\t\t<div class=\"elementor-gallery-item__overlay\"><\/div>\n\t\t\t\t\t\t\t\t\t\t\t\t\t\t<\/a>\n\t\t\t\t\t\t\t<a class=\"e-gallery-item elementor-gallery-item elementor-animated-content\" href=\"https:\/\/salusandscamping.se\/wp-content\/uploads\/2023\/05\/DSC00129.jpg\" data-elementor-open-lightbox=\"yes\" data-elementor-lightbox-slideshow=\"1572520\" data-elementor-lightbox-title=\"DSC00129\" data-e-action-hash=\"#elementor-action%3Aaction%3Dlightbox%26settings%3DeyJpZCI6ODAwLCJ1cmwiOiJodHRwczpcL1wvc2FsdXNhbmRzY2FtcGluZy5zZVwvd3AtY29udGVudFwvdXBsb2Fkc1wvMjAyM1wvMDVcL0RTQzAwMTI5LmpwZyIsInNsaWRlc2hvdyI6IjE1NzI1MjAifQ%3D%3D\">\n\t\t\t\t\t<div class=\"e-gallery-image elementor-gallery-item__image\" data-thumbnail=\"https:\/\/salusandscamping.se\/wp-content\/uploads\/2023\/05\/DSC00129.jpg\" data-width=\"2000\" data-height=\"1333\" aria-label=\"\" role=\"img\" ><\/div>\n\t\t\t\t\t\t\t\t\t\t\t<div class=\"elementor-gallery-item__overlay\"><\/div>\n\t\t\t\t\t\t\t\t\t\t\t\t\t\t<\/a>\n\t\t\t\t\t<\/div>\n\t\t\t\t\t<\/div>\n\t\t\t\t<\/div>\n\t\t\t\t<\/div>\n\t\t\t\t\t<\/div>\n\t\t\t\t<\/div>\n\t\t<div class=\"elementor-element elementor-element-2ec8975 e-flex e-con-boxed e-con e-parent\" data-id=\"2ec8975\" data-element_type=\"container\" data-e-type=\"container\" data-settings=\"{&quot;background_background&quot;:&quot;classic&quot;}\">\n\t\t\t\t\t<div class=\"e-con-inner\">\n\t\t<div class=\"elementor-element elementor-element-704c631 e-con-full e-flex e-con e-parent\" data-id=\"704c631\" data-element_type=\"container\" data-e-type=\"container\" data-settings=\"{&quot;background_background&quot;:&quot;classic&quot;}\">\n\t\t\t\t<div class=\"elementor-element elementor-element-ebf6796 elementor-widget-mobile__width-inherit elementor-widget elementor-widget-text-editor\" data-id=\"ebf6796\" data-element_type=\"widget\" data-e-type=\"widget\" data-widget_type=\"text-editor.default\">\n\t\t\t\t<div class=\"elementor-widget-container\">\n\t\t\t\t\t\t\t\t\t<h2 dir=\"auto\"><b>Challenge the friends<\/b><\/h2>\n<div dir=\"auto\"><b>&nbsp;<\/b><\/div>\n<div dir=\"auto\">In the nice sand you can especially the friends in beach volley village. If you don't have a ball, you can easily rent a ball in the kiosk - where you can also buy something cooling for the hot matches.&nbsp;&nbsp;<\/div>\t\t\t\t\t\t\t\t<\/div>\n\t\t\t\t<\/div>\n\t\t\t\t<\/div>\n\t\t<div class=\"elementor-element elementor-element-7c75e9c e-con-full e-flex e-con e-parent\" data-id=\"7c75e9c\" data-element_type=\"container\" data-e-type=\"container\" data-settings=\"{&quot;background_background&quot;:&quot;classic&quot;}\">\n\t\t\t\t<div class=\"elementor-element elementor-element-d015a48 elementor-widget elementor-widget-gallery\" data-id=\"d015a48\" data-element_type=\"widget\" data-e-type=\"widget\" data-settings=\"{&quot;columns&quot;:1,&quot;lazyload&quot;:&quot;yes&quot;,&quot;gallery_layout&quot;:&quot;grid&quot;,&quot;columns_tablet&quot;:2,&quot;columns_mobile&quot;:1,&quot;gap&quot;:{&quot;unit&quot;:&quot;px&quot;,&quot;size&quot;:10,&quot;sizes&quot;:[]},&quot;gap_tablet&quot;:{&quot;unit&quot;:&quot;px&quot;,&quot;size&quot;:10,&quot;sizes&quot;:[]},&quot;gap_mobile&quot;:{&quot;unit&quot;:&quot;px&quot;,&quot;size&quot;:10,&quot;sizes&quot;:[]},&quot;link_to&quot;:&quot;file&quot;,&quot;aspect_ratio&quot;:&quot;3:2&quot;,&quot;overlay_background&quot;:&quot;yes&quot;,&quot;content_hover_animation&quot;:&quot;fade-in&quot;}\" data-widget_type=\"gallery.default\">\n\t\t\t\t<div class=\"elementor-widget-container\">\n\t\t\t\t\t\t\t<div class=\"elementor-gallery__container\">\n\t\t\t\t\t\t\t<a class=\"e-gallery-item elementor-gallery-item elementor-animated-content\" href=\"https:\/\/salusandscamping.se\/wp-content\/uploads\/2023\/06\/volleyboll.webp\" data-elementor-open-lightbox=\"yes\" data-elementor-lightbox-slideshow=\"d015a48\" data-elementor-lightbox-title=\"volleyboll\" data-e-action-hash=\"#elementor-action%3Aaction%3Dlightbox%26settings%3DeyJpZCI6MTEyNCwidXJsIjoiaHR0cHM6XC9cL3NhbHVzYW5kc2NhbXBpbmcuc2VcL3dwLWNvbnRlbnRcL3VwbG9hZHNcLzIwMjNcLzA2XC92b2xsZXlib2xsLndlYnAiLCJzbGlkZXNob3ciOiJkMDE1YTQ4In0%3D\">\n\t\t\t\t\t<div class=\"e-gallery-image elementor-gallery-item__image\" data-thumbnail=\"https:\/\/salusandscamping.se\/wp-content\/uploads\/2023\/06\/volleyboll.webp\" data-width=\"2000\" data-height=\"1333\" aria-label=\"\" role=\"img\" ><\/div>\n\t\t\t\t\t\t\t\t\t\t\t<div class=\"elementor-gallery-item__overlay\"><\/div>\n\t\t\t\t\t\t\t\t\t\t\t\t\t\t<\/a>\n\t\t\t\t\t<\/div>\n\t\t\t\t\t<\/div>\n\t\t\t\t<\/div>\n\t\t\t\t<\/div>\n\t\t\t\t\t<\/div>\n\t\t\t\t<\/div>\n\t\t\t\t<\/div>","protected":false},"excerpt":{"rendered":"<p>Norrlandkustens p\u00e4rla &#8211; en camping f\u00f6r alla \u00e5ldrar Upplev h\u00f6gakusten genom minigolf! \u00a0V\u00e5ra nya \u00e4ventyrs minigolfbanor har tagit sin inspiration fr\u00e5n H\u00f6ga Kusten och \u00d6rnsk\u00f6ldsvik. V\u00e4lkommen att ta dig \u00f6ver H\u00f6gaKustenbron, passera Ting1 och Paradiskullen, spela igenom Sl\u00e5ttdalsskrevan, f\u00f6rbi Ulv\u00f6n och mycket mer. Utmana v\u00e4nnerna &nbsp; I den sk\u00f6na sanden kan du utamana v\u00e4nnerna i [&hellip;]<\/p>\n","protected":false},"author":1,"featured_media":0,"parent":0,"menu_order":0,"comment_status":"closed","ping_status":"closed","template":"elementor_header_footer","meta":{"footnotes":""},"class_list":["post-820","page","type-page","status-publish","hentry"],"_links":{"self":[{"href":"https:\/\/salusandscamping.se\/en\/wp-json\/wp\/v2\/pages\/820","targetHints":{"allow":["GET"]}}],"collection":[{"href":"https:\/\/salusandscamping.se\/en\/wp-json\/wp\/v2\/pages"}],"about":[{"href":"https:\/\/salusandscamping.se\/en\/wp-json\/wp\/v2\/types\/page"}],"author":[{"embeddable":true,"href":"https:\/\/salusandscamping.se\/en\/wp-json\/wp\/v2\/users\/1"}],"replies":[{"embeddable":true,"href":"https:\/\/salusandscamping.se\/en\/wp-json\/wp\/v2\/comments?post=820"}],"version-history":[{"count":25,"href":"https:\/\/salusandscamping.se\/en\/wp-json\/wp\/v2\/pages\/820\/revisions"}],"predecessor-version":[{"id":1188,"href":"https:\/\/salusandscamping.se\/en\/wp-json\/wp\/v2\/pages\/820\/revisions\/1188"}],"wp:attachment":[{"href":"https:\/\/salusandscamping.se\/en\/wp-json\/wp\/v2\/media?parent=820"}],"curies":[{"name":"wp","href":"https:\/\/api.w.org\/{rel}","templated":true}]}}